{"id":19336,"date":"2021-06-04T10:01:04","date_gmt":"2021-06-04T08:01:04","guid":{"rendered":"https:\/\/www.alatel.it\/alatel\/newsletter-2-2021-copy\/"},"modified":"2021-11-04T09:23:14","modified_gmt":"2021-11-04T08:23:14","slug":"newsletter-2-2021-2","status":"publish","type":"page","link":"https:\/\/www.alatel.it\/alatel\/newsletter-2-2021-2\/","title":{"rendered":"Newsletter 2\u00b0 2021"},"content":{"rendered":"<p>\u200b\u200b<\/p>\n<table style=\"height: 1897px;\">\n<tbody>\n<tr style=\"height: 166px;\">\n<td style=\"height: 166px; width: 892.031px;\">\u00a0a cura di Vincenzo Armaroli<img loading=\"lazy\" decoding=\"async\" class=\"wp-image-18793 alignleft\" src=\"https:\/\/www.alatel.it\/alatel\/wp-content\/uploads\/2021\/05\/immagine-news.jpg\" alt=\"\" width=\"144\" height=\"183\" \/><\/p>\n<h2><span style=\"background-color: #ffffff; color: #ff0000;\">L&#8217;editoriale del Presidente<\/span><\/h2>\n<p>Carissimi amici, con il presente numero della <strong>Newsletter<\/strong>, torniamo a relazionarci con voi, grati, in particolare, con quanti apprezzano questo strumento di comunicazione per quella che \u00e8 la sua reale finalit\u00e0: essere <strong>diretto<\/strong>, pi\u00f9 <strong>tempestivo<\/strong> e, nei limiti delle nostre capacit\u00e0, <strong>informativo<\/strong> su aspetti che ci riguardano direttamente, in termini di conoscenza, di opportunit\u00e0 e di orientamento a muoverci in mezzo a tante innovazioni che stanno cambiando e investe<b>n<\/b><span style=\"font-family: inherit;\">do la nostra vita.<\/span><\/p>\n<p><strong><a href=\"https:\/\/www.alatel.it\/alatel\/newsletter\/editoriale-del-presidente\/\">Leggi di pi\u00f9<\/a><\/strong><\/p>\n<p><img loading=\"lazy\" decoding=\"async\" class=\"alignleft\" src=\"https:\/\/www.alatel.it\/alatel\/wp-content\/uploads\/2021\/05\/ass-studio-300x300.jpg\" width=\"170\" height=\"170\" \/>\u00a0a cura di Paolo Terreno<\/p>\n<h2><span style=\"color: #ff0000;\">\u00a0Il progetto di assistenza allo studio\u00a0<\/span><\/h2>\n<p>L\u2019abbiamo chiamato<strong> SENIORES, COACH DELLE NUOVE GENERAZIONI.<br \/>\n<\/strong><strong>Destinatari:<\/strong>\u00a0i Giovani, i protagonisti del futuro.<br \/>\n<strong>Attori:<\/strong>\u00a0i Seniores, l\u2019esperienza e la conoscenza.<br \/>\n<strong>Azione:<\/strong>\u00a0quella del \u201ccoach\u201d, che \u00e8 pi\u00f9 di un semplice allenatore; \u00e8 un amico istruttore: un tutor.<\/p>\n<p><a href=\"https:\/\/www.alatel.it\/alatel\/newsletter\/il-progetto-di-assistenza-allo-studio\/\"><strong>Leggi di pi\u00f9<\/strong><\/a><\/p>\n<p><img loading=\"lazy\" decoding=\"async\" class=\"wp-image-18795 alignleft\" src=\"https:\/\/www.alatel.it\/alatel\/wp-content\/uploads\/2021\/05\/tmb-300x275.jpg\" alt=\"\" width=\"135\" height=\"123\" \/><\/p>\n<h3><span style=\"color: #ff0000;\">\u00a0Importante Novit\u00e0 &#8211; Le Polizze Assicurative di TIM myBroker adesso disponibili anche per i soci ALATEL e per i loro familiari.<\/span><\/h3>\n<p>ALATEL ha aderito alle convenzioni sulle polizze assicurative dedicate ai dipendenti del Gruppo TIM e realizzate da<strong> TIM myBroker<\/strong>, nuova societ\u00e0 di brokeraggio assicurativo interamente controllata da TIM.<br \/>\nLe convenzioni, che sono in costante evoluzione, saranno fruibili da parte di tutti i soci Alatel tramite accesso al portale dedicato. In attesa di ricevere le credenziali di accesso al portale, vi segnaliamo che \u00e8 gi\u00e0 possibile aderire alla polizza<strong> Long Term Care (LTC)<\/strong>, pensata per coloro che vogliono proteggersi dal rischio di non autosufficienza, ovvero dall\u2019impossibilit\u00e0 di svolgere le normali funzioni della vita quotidiana. Con<strong> soli 115\u20ac<\/strong>, in caso di perdita dell&#8217;autosufficienza, la copertura garantisce una rendita mensile vitalizia <strong>di 1.300\u20ac<\/strong>. L\u2019offerta \u00e8 valida fino al 10 di Luglio 2021.<br \/>\n<a href=\"https:\/\/www.alatel.it\/alatel\/tim-mybroker\/\"><strong>Leggi di pi\u00f9<\/strong><\/a><\/p>\n<p>a cura di Gianni Ciaccasassi <img loading=\"lazy\" decoding=\"async\" class=\"wp-image-18790 alignleft\" src=\"https:\/\/www.alatel.it\/alatel\/wp-content\/uploads\/2021\/05\/730-300x300.jpg\" alt=\"\" width=\"135\" height=\"135\" srcset=\"https:\/\/www.alatel.it\/alatel\/wp-content\/uploads\/2021\/05\/730-300x300.jpg 300w, https:\/\/www.alatel.it\/alatel\/wp-content\/uploads\/2021\/05\/730-150x150.jpg 150w, https:\/\/www.alatel.it\/alatel\/wp-content\/uploads\/2021\/05\/730-768x768.jpg 768w, https:\/\/www.alatel.it\/alatel\/wp-content\/uploads\/2021\/05\/730-585x585.jpg 585w, https:\/\/www.alatel.it\/alatel\/wp-content\/uploads\/2021\/05\/730.jpg 850w\" sizes=\"(max-width: 135px) 100vw, 135px\" \/><\/p>\n<h3><span style=\"color: #ff0000;\">\u00a0Il 730 digitale precompilato: tutte le date\u00a0<\/span><\/h3>\n<p>Il <strong>Decreto Sostegni<\/strong> e l\u2019Agenzia delle Entrate hanno fissato le nuove date per avviare il processo di formulazione della denuncia dei redditi. L\u2019Agenzia delle Entrate ha reso disponibile la dichiarazione precompilata, rendendo visualizzabili i dati presenti nel modello<strong> 730-Precompilato<\/strong>, quelli relativi ai <strong>redditi<\/strong> percepiti, estrapolati dalla <strong>certificazione unica<\/strong>, fino alle <strong>spese detraibili<\/strong> trasmesse da soggetti terzi.<br \/>\n<a href=\"https:\/\/www.alatel.it\/alatel\/newsletter\/il-730-digitale-precompilato\/\"><strong>Leggi di pi\u00f9<\/strong><\/a><\/p>\n<p><img loading=\"lazy\" decoding=\"async\" class=\"wp-image-18810 alignleft\" src=\"https:\/\/www.alatel.it\/alatel\/wp-content\/uploads\/2021\/05\/ScreenHunter-68.png\" alt=\"\" width=\"184\" height=\"111\" \/>a cura dei delegati Fiorenzo Benzoni, Franco Cavallero, Luciano Stoppa<\/p>\n<h3><span style=\"color: #ff0000;\">\u00a0Come inserire la richiesta di rimborsi sulla nuova piattaforma ASSIDA<\/span><\/h3>\n<p>Come noto, dal mese di febbraio \u00e8 attiva la nuova <strong>piattaforma informatica di ASSIDA<\/strong>, con cui \u00e8 possibile richiedere il rimborso delle spese sostenute. La breve Guida per Richiesta Rimborsi ASSIDA al link\u00a0\u00a0<a href=\"https:\/\/mailchef.4dem.it\/tts.php?p=bc3f344a77e986ddcd7ba75cccf50f95\/5tg6\/57se\/rs\/s6\/1d1h\/rs\/rs\/rt\/\/http%3A%2F%2Fwww.alatel.it%2Falatel%2Fwp-content%2Fuploads%2F2021%2F02%2FBreve-Guida-per-Richiesta-Rimborsi-Assida1.pdf\">https:\/\/www.alatel.it\/alatel\/wp-content\/uploads\/2021\/02\/Breve-Guida-per-Richiesta-Rimborsi-Assida1.pdf<br \/>\n<\/a><a href=\"https:\/\/www.alatel.it\/alatel\/newsletter\/nuova-piattaforma-assida-2\/\">Leggi di pi\u00f9<\/a><\/p>\n<p>a cura di Silvio Marrese \u00a0<img loading=\"lazy\" decoding=\"async\" class=\"wp-image-18794 alignleft\" src=\"https:\/\/www.alatel.it\/alatel\/wp-content\/uploads\/2021\/05\/marrese-300x300.jpg\" alt=\"\" width=\"153\" height=\"153\" srcset=\"https:\/\/www.alatel.it\/alatel\/wp-content\/uploads\/2021\/05\/marrese-300x300.jpg 300w, https:\/\/www.alatel.it\/alatel\/wp-content\/uploads\/2021\/05\/marrese-150x150.jpg 150w, https:\/\/www.alatel.it\/alatel\/wp-content\/uploads\/2021\/05\/marrese-585x585.jpg 585w, https:\/\/www.alatel.it\/alatel\/wp-content\/uploads\/2021\/05\/marrese.jpg 683w\" sizes=\"(max-width: 153px) 100vw, 153px\" \/><\/p>\n<h3><span style=\"color: #ff0000;\">\u00a0I Seniores e il digitale, il percorso formativo di Alatel<\/span><\/h3>\n<p>Il digitale, sempre pi\u00f9 diffuso nel mondo in cui viviamo, ha evidenziato la difficolt\u00e0 per i Seniores, e non solo, ad effettuare nel nuovo modo operazioni un tempo svolte di persona presso gli uffici. Infatti a fronte di un\u2019evidente comodit\u00e0 di avere certificati e documenti direttamente a casa in tempi brevi, si contrappone l\u2019inesperienza nell\u2019uso degli \u201caggeggi\u201ddigitali&#8230;<br \/>\n<a href=\"https:\/\/www.alatel.it\/alatel\/newsletter\/seniores-e-il-digitale-il-percorso-formativo-di-alatel\/\"><strong>Leggi di pi\u00f9<\/strong><\/a><\/p>\n<p><img loading=\"lazy\" decoding=\"async\" class=\"wp-image-18809 alignleft\" src=\"https:\/\/www.alatel.it\/alatel\/wp-content\/uploads\/2021\/05\/ScreenHunter-67.png\" alt=\"\" width=\"141\" height=\"143\" \/><\/p>\n<h3><span style=\"color: #ff0000;\">\u00a0Digitale terrestre, avvio del nuovo standard DVB-T2<\/span><\/h3>\n<p>Il <strong>Dvb-T2\/Hevc <\/strong>(Digital Video Broadcasting-Second Generation Terrestrial \/ High efficiency video coding) \u00e8 l\u2019ultima generazione dello standard per trasmettere contenuti attraverso il sistema del digitale terrestre e <strong>rappresenta l\u2019evoluzione tecnologica<\/strong> delle trasmissioni pi\u00f9 \u201cperformanti\u201d.<br \/>\n<a href=\"https:\/\/www.alatel.it\/alatel\/newsletter\/digitale-terrestre-avvio-del-nuovo-standard-dvb-t2-il\/\"><strong>Leggi di pi\u00f9<\/strong><\/a><\/td>\n<\/tr>\n<\/tbody>\n<\/table>\n<p>&nbsp;<\/p>\n","protected":false},"excerpt":{"rendered":"<p>\u200b\u200b \u00a0a cura di Vincenzo Armaroli L&#8217;editoriale del Presidente Carissimi amici,&hellip;<\/p>\n","protected":false},"author":27,"featured_media":17896,"parent":0,"menu_order":0,"comment_status":"closed","ping_status":"closed","template":"","meta":{"footnotes":""},"publishpress_future_action":{"enabled":false,"date":"1970-01-01 01:00:00","action":"","terms":[],"taxonomy":"","browser_timezone_offset":0},"_links":{"self":[{"href":"https:\/\/www.alatel.it\/alatel\/wp-json\/wp\/v2\/pages\/19336"}],"collection":[{"href":"https:\/\/www.alatel.it\/alatel\/wp-json\/wp\/v2\/pages"}],"about":[{"href":"https:\/\/www.alatel.it\/alatel\/wp-json\/wp\/v2\/types\/page"}],"author":[{"embeddable":true,"href":"https:\/\/www.alatel.it\/alatel\/wp-json\/wp\/v2\/users\/27"}],"replies":[{"embeddable":true,"href":"https:\/\/www.alatel.it\/alatel\/wp-json\/wp\/v2\/comments?post=19336"}],"version-history":[{"count":11,"href":"https:\/\/www.alatel.it\/alatel\/wp-json\/wp\/v2\/pages\/19336\/revisions"}],"predecessor-version":[{"id":19351,"href":"https:\/\/www.alatel.it\/alatel\/wp-json\/wp\/v2\/pages\/19336\/revisions\/19351"}],"wp:featuredmedia":[{"embeddable":true,"href":"https:\/\/www.alatel.it\/alatel\/wp-json\/wp\/v2\/media\/17896"}],"wp:attachment":[{"href":"https:\/\/www.alatel.it\/alatel\/wp-json\/wp\/v2\/media?parent=19336"}],"curies":[{"name":"wp","href":"https:\/\/api.w.org\/{rel}","templated":true}]}}