{"id":2,"date":"2017-11-10T07:35:59","date_gmt":"2017-11-10T07:35:59","guid":{"rendered":"https:\/\/www.alatel.it\/alatel\/?page_id=2"},"modified":"2026-04-11T15:43:30","modified_gmt":"2026-04-11T13:43:30","slug":"chi-siamo","status":"publish","type":"page","link":"https:\/\/www.alatel.it\/alatel\/chi-siamo\/","title":{"rendered":"Chi siamo"},"content":{"rendered":"<div class=\"wpb-content-wrapper\"><p>[vc_row][vc_column][vc_tta_tabs alignment=&#8221;center&#8221; active_section=&#8221;1&#8243;][vc_tta_section title=&#8221;L&#8217;associazione&#8221; tab_id=&#8221;1510587673890-e1efd118-afa9&#8243;][vc_column_text]<\/p>\n<div><\/div>\n<div>\n<p>ALATEL &#8211; Seniores Telecom Italia \u00e8 un\u2019associazione a carattere aziendale che si ispira al principio di solidariet\u00e0 tra i dipendenti in servizio ed in quiescenza.<\/p>\n<p>L\u2019associazione \u00e8 presente sull\u2019intero territorio nazionale; non ha scopo di lucro, non ha carattere partitico, sindacale e confessionale; \u00e8 autonoma sul piano amministrativo ed organizzativo.<\/p>\n<p>L\u2019attivit\u00e0 si basa sulla condivisione dei <strong>valori associativi<\/strong> e sul <strong>volontariato <\/strong>di soci ( circa 400) che operano nelle strutture organizzative; su tale base l\u2019Associazione \u00e8 aperta a coloro che intendono far parte della Comunit\u00e0 Alatel.<\/p>\n<p>Nel motto \u201c<strong>Il futuro ha radici profonde<\/strong>\u201d si vuole simboleggiare la storia e le aspettative future di una popolazione di riferimento che, negli ultimi 50 anni, ha contribuito in modo determinante allo sviluppo sociale ed economico del Paese e che, pur in un contesto tecnologico diverso, vuole trasmettere una cultura professionale che \u00e8 sempre stata al servizio del cittadino.<\/p>\n<p>L\u2019associazione opera per le seguenti finalit\u00e0:<\/p>\n<ul>\n<li>Tutelare gli interessi morali e materiali con iniziative nelle opportune sedi istituzionali e non<\/li>\n<li>Offrire servizi ai soci in relazione ai bisogni espressi dagli stessi ed a condizioni economiche favorevoli<\/li>\n<li>Incentivare le relazioni di amicizia tra i soci con eventi di integrazione<\/li>\n<li>Promuovere ed organizzare a favore dei soci attivit\u00e0 ricreative, sociali e culturali<\/li>\n<li>Offrire assistenza e solidariet\u00e0 verso e tra i soci<\/li>\n<li>Promuovere la crescita del socio sul piano culturale e delle nuove tecnologie.<\/li>\n<\/ul>\n<p>Alatel, al pari di altre organizzazioni simili nel mondo associativo,ha visto , negli ultimi anni, una significativa riduzione degli associati; per tale motivo ha varato un progetto evolutivo per rendere l\u2019associazione pi\u00f9 <strong>coinvolgente<\/strong>, <strong>partecipativa<\/strong>, <strong>integrata <\/strong>e <strong>solidale<\/strong> agendo su alcune leve strategiche:<\/p>\n<ul>\n<li>Consolidamento della Comunit\u00e0 Alatel<\/li>\n<li>Valorizzazione della figura del socio<\/li>\n<li>Sviluppo dell\u2019offerta<\/li>\n<li>Sviluppo delle relazioni interassociative.<\/li>\n<\/ul>\n<\/div>\n<p>[\/vc_column_text][\/vc_tta_section][vc_tta_section title=&#8221;Attivit\u00e0&#8221; tab_id=&#8221;1510587658817-9c1ee1de-ce4a&#8221;][vc_column_text]<strong>\u00a0<span style=\"color: #ff0000;\">QUALI SERVIZI OFFRE ALATEL.<\/span><\/strong><\/p>\n<ul>\n<li>CONSULENZA SPECIALISTICA (previdenza, fiscale, legale, sanit\u00e0 \u2026) spesso on-line<\/li>\n<li>FORMAZIONE DIGITALE (per ni meno esperti)<\/li>\n<li>ASISTENZA ALLO STUDIO (per figli\/nipoti dei soci)<\/li>\n<li>INIZIATIVE CULTURALI<\/li>\n<li>INIZIATIVE LUDICHE E CONVIVIALI<\/li>\n<li>SERVIZI TURISTICI<\/li>\n<li>CONVENZIONI per selezionate categorie di interesse specifico<\/li>\n<\/ul>\n<p>A questi vanno aggiunti servizi di valenza istituzionale come:<\/p>\n<ul>\n<li>RAPPRESENTANZA ISTITUZIONALE<\/li>\n<li>TUTELA degli interessi morali ed economici dei soci<\/li>\n<li>RELAZIONI INTERASSOCIATIVE che ampliano il valore dell\u2019azione associativa e le opportunit\u00e0 di socializzazione.<\/li>\n<\/ul>\n<p>[\/vc_column_text][\/vc_tta_section][vc_tta_section title=&#8221;Struttura&#8221; tab_id=&#8221;1510587658846-070b153b-58e7&#8243;][vc_column_text]<\/p>\n<div>\n<h5>Per garantire una vicinanza capillare ai soci l\u2019Associazione si \u00e8 dotata, fin dalle origini, di una struttura organizzativa su tre livelli.<\/h5>\n<h2><\/h2>\n<h1 style=\"text-align: center;\"><a href=\"https:\/\/www.alatel.it\/alatel\/wp-content\/uploads\/2023\/01\/ALATEL-SUL-SITO-3.pdf\" class=\"pdfemb-viewer\" style=\"\" data-width=\"max\" data-height=\"max\" data-mobile-width=\"500\"  data-scrollbar=\"none\" data-download=\"on\" data-tracking=\"on\" data-newwindow=\"on\" data-pagetextbox=\"off\" data-scrolltotop=\"off\" data-startzoom=\"100\" data-startfpzoom=\"100\" data-toolbar=\"both\" data-toolbar-fixed=\"off\">ALATEL SUL SITO (3)<br\/><\/a><\/h1>\n<\/div>\n<div><\/div>\n<div><\/div>\n<p>[\/vc_column_text][\/vc_tta_section][vc_tta_section title=&#8221;Storia di Alatel&#8221; tab_id=&#8221;1510587755777-fc70ef57-674d&#8221;][vc_column_text]<\/p>\n<div class=\"intro-page\">\n<div class=\"box-collapse-content\">\n<div class=\"box-collapse\" data-height=\"420\">\n<div>\n<p>Seniores Telecom-Alatel \u00e8 l\u2019associazione di dipendenti e di ex dipendenti del Gruppo Telecom Italia che hanno maturato un\u2019anzianit\u00e0 di servizio nelle aziende del Gruppo, in quelle confluite o a essa collegate, di almeno 20 anni. Le attivit\u00e0 svolte dai soci su base volontaria hanno principalmente finalit\u00e0 di aggregazione e informazione.<br \/>\nNel 2022 l\u2019Alatel conta\u00a0 circa 17.000 iscritti di cui 1.100 dipendenti in servizio.<br \/>\nOgni Consiglio Regionale dell\u2019 associazione redige un notiziario che viene inviato a tutti i propri iscritti.<\/p>\n<p><em>La storia<\/em><\/p>\n<p>La costituzione del \u201cPremio di fedelt\u00e0\u201d offr\u00ec l\u2019occasione ai dipendenti delle cinque societ\u00e0 concessionarie (Stipel, Telve, Timo, Teti, Set) per formare i primi nuclei della futura associazione presso le sedi direzionali di rilevanti dimensioni.<br \/>\nNel 1965, dopo la fusione delle concessionarie telefoniche nella Sip, nacque l\u2019Alas (Associazione lavoratori anziani Sip), che nel corso degli anni successivi si ampli\u00f2 in termini numerici e si estese fino a coprire l\u2019intero territorio nazionale.<br \/>\nA partire dal 1985 l\u2019Associazione ha aggiornato il suo statuto e ha intensificato il dialogo e la collaborazione con la Sip. Nel 1992 l\u2019Alas ha ottenuto il riconoscimento ufficiale e il patrocinio della Sip.<br \/>\nLo Statuto fu ancora una volta modificato nel 1995 dal Congresso Nazionale in seguito alla nascita di Telecom Italia (1994). Ci\u00f2 comport\u00f2 il cambiamento della denominazione in Alatel (Associazione lavoratori anziani Telecom Italia) e la ricezione dei gruppi anziani delle societ\u00e0 incorporate.<br \/>\nNello\u00a0 statuto, in cui \u00e8 stato nuovamente modificato il nome dell\u2019associazione nell\u2019attuale \u201cSeniores Telecom-Alatel\u201d, \u00e8 stato approvato nel corso del 2\u00b0 Congresso Nazionale Alatel tenutosi a Roma il 4 dicembre 2002.<\/p>\n<p><em>\u00a0<\/em><\/p>\n<\/div>\n<\/div>\n<\/div>\n<\/div>\n<h1 style=\"text-align: center;\"><a href=\"https:\/\/drive.google.com\/file\/d\/15q_A30ZTsyu3k0QrWmjSsmerPmjmHMyq\/view?usp=drive_link\">Congresso Alatel 6 Marzo 2026<\/a><\/h1>\n<p>[\/vc_column_text][\/vc_tta_section][\/vc_tta_tabs][\/vc_column][\/vc_row]<\/p>\n<\/div>","protected":false},"excerpt":{"rendered":"[vc_row][vc_column][vc_tta_tabs alignment=\"center\" active_section=\"1\"][vc_tta_section title=\"L'associazione\" tab_id=\"1510587673890-e1efd118-afa9\"][vc_column_text] ALATEL - Seniores Telecom Italia \u00e8&hellip;","protected":false},"author":55,"featured_media":0,"parent":0,"menu_order":0,"comment_status":"closed","ping_status":"closed","template":"","meta":{"footnotes":""},"publishpress_future_action":{"enabled":false,"date":"1970-01-01 01:00:00","action":"","terms":[],"taxonomy":"","browser_timezone_offset":0},"_links":{"self":[{"href":"https:\/\/www.alatel.it\/alatel\/wp-json\/wp\/v2\/pages\/2"}],"collection":[{"href":"https:\/\/www.alatel.it\/alatel\/wp-json\/wp\/v2\/pages"}],"about":[{"href":"https:\/\/www.alatel.it\/alatel\/wp-json\/wp\/v2\/types\/page"}],"author":[{"embeddable":true,"href":"https:\/\/www.alatel.it\/alatel\/wp-json\/wp\/v2\/users\/55"}],"replies":[{"embeddable":true,"href":"https:\/\/www.alatel.it\/alatel\/wp-json\/wp\/v2\/comments?post=2"}],"version-history":[{"count":11,"href":"https:\/\/www.alatel.it\/alatel\/wp-json\/wp\/v2\/pages\/2\/revisions"}],"predecessor-version":[{"id":38960,"href":"https:\/\/www.alatel.it\/alatel\/wp-json\/wp\/v2\/pages\/2\/revisions\/38960"}],"wp:attachment":[{"href":"https:\/\/www.alatel.it\/alatel\/wp-json\/wp\/v2\/media?parent=2"}],"curies":[{"name":"wp","href":"https:\/\/api.w.org\/{rel}","templated":true}]}}