{"id":33528,"date":"2024-11-29T19:19:34","date_gmt":"2024-11-29T18:19:34","guid":{"rendered":"https:\/\/www.alatel.it\/alatel\/?page_id=33528"},"modified":"2024-12-02T15:53:23","modified_gmt":"2024-12-02T14:53:23","slug":"alatel-tci","status":"publish","type":"page","link":"https:\/\/www.alatel.it\/alatel\/alatel-tci\/","title":{"rendered":"ALATEL-Touring Club Italiano"},"content":{"rendered":"<p><img loading=\"lazy\" decoding=\"async\" class=\"wp-image-33533 alignleft\" src=\"https:\/\/www.alatel.it\/alatel\/wp-content\/uploads\/2024\/11\/Logo-300x227.png\" alt=\"\" width=\"112\" height=\"85\" \/><\/p>\n<h2><\/h2>\n<h2 style=\"text-align: center;\"><span style=\"color: #000080; font-family: verdana, geneva, sans-serif;\">\u00a0<\/span><\/h2>\n<p><span style=\"color: #000080; font-size: 16px;\">ALATEL-Presidenza Nazionale ha stipulato una convenzione con la Fondazione TCI (Ente del Terzo Settore) una convenzione per agevolare l\u2019iscrizione ai servizi di TCI a condizioni agevolate; la convenzione, gi\u00e0 attiva nelle Regioni LO e LA, \u00e8 rivolta alle nuove iscrizioni ed al rinnovo per chi \u00e8 gi\u00e0 in possesso della relativa tessera.<br \/>\n<\/span><span style=\"color: #000080; font-size: 16px;\">Come noto TCI opera nell\u2019intento di sviluppare il turismo quale mezzo di diffusione della conoscenza di paesi e culture e, in particolare, la conoscenza del patrimonio italiano di storia, arte e natura; ALATEL opera anche nell\u2019intento di perseguire un\u2019attivit\u00e0 di natura ricreativa e culturale nell\u2019ambito dell\u2019impiego del tempo libero dei propri soci.<br \/>\n<\/span><span style=\"color: #000080; font-size: 16px;\">Tenuto conto della convergenza degli obiettivi istituzionali dei due partner, TCI conferisce ad ALATEL l\u2019opportunit\u00e0 di promuovere l\u2019iscrizione alla Fondazione dei propri soci a tariffe agevolate con la seguente offerta:<\/span><\/p>\n<table style=\"height: 570px; width: 77.9253%; border-style: double; border-color: #1322ab; background-color: #dee6fc;\">\n<tbody>\n<tr style=\"height: 59px; border-style: double; border-color: #082a5e;\">\n<td style=\"width: 288.388px; height: 59px; border-style: double; border-color: #060e54; text-align: center;\"><span style=\"color: #ff0000;\"><strong>Quota sostenitore<\/strong><\/span><\/td>\n<td style=\"width: 115.438px; height: 59px; border-style: double; border-color: #060e54;\"><span style=\"color: #ff0000;\"><strong>Tariffa normale<\/strong><\/span><\/td>\n<td style=\"width: 117.787px; height: 59px; border-style: double; border-color: #060e54;\"><span style=\"color: #ff0000;\"><strong>Tariffa agevolata<\/strong><\/span><\/td>\n<\/tr>\n<tr style=\"border-style: double; border-color: #062045;\">\n<td style=\"width: 288.388px; height: 39px; border-style: double; border-color: #09165e;\"><strong>Sostenitore<\/strong><\/td>\n<td style=\"width: 115.438px; height: 39px; border-style: double; border-color: #09165e; text-align: center;\"><strong>85<\/strong><\/td>\n<td style=\"width: 117.787px; height: 39px; border-style: double; border-color: #09165e; text-align: center;\"><strong>71<\/strong><\/td>\n<\/tr>\n<tr style=\"border-style: double; border-color: #062045;\">\n<td style=\"width: 288.388px; height: 59px; border-style: double; border-color: #09165e;\"><strong>Sostenitore con assistenza stradale<\/strong><\/td>\n<td style=\"width: 115.438px; height: 59px; border-style: double; border-color: #09165e; text-align: center;\"><strong>110<\/strong><\/td>\n<td style=\"width: 117.787px; height: 59px; border-style: double; border-color: #09165e; text-align: center;\"><strong>96<\/strong><\/td>\n<\/tr>\n<tr style=\"border-style: double; border-color: #062045;\">\n<td style=\"width: 288.388px; height: 59px; border-style: double; border-color: #09165e;\"><strong>Famigliare<\/strong><\/td>\n<td style=\"width: 115.438px; height: 59px; border-style: double; border-color: #09165e; text-align: center;\"><strong>28<\/strong><\/td>\n<td style=\"width: 117.787px; height: 59px; border-style: double; border-color: #09165e; text-align: center;\"><strong>24<\/strong><\/td>\n<\/tr>\n<tr style=\"border-style: double; border-color: #062045;\">\n<td style=\"width: 288.388px; height: 59px; border-style: double; border-color: #09165e;\"><strong>Famigliare con assistenza stradale<\/strong><\/td>\n<td style=\"width: 115.438px; height: 59px; border-style: double; border-color: #09165e; text-align: center;\"><strong>53<\/strong><\/td>\n<td style=\"width: 117.787px; height: 59px; border-style: double; border-color: #09165e; text-align: center;\"><strong>49<\/strong><\/td>\n<\/tr>\n<tr style=\"border-style: double; border-color: #062045;\">\n<td style=\"width: 288.388px; height: 59px; border-style: double; border-color: #09165e;\"><strong>Sostenitore triennale<\/strong><\/td>\n<td style=\"width: 115.438px; height: 59px; border-style: double; border-color: #09165e; text-align: center;\"><strong>188<\/strong><\/td>\n<td style=\"width: 117.787px; height: 59px; border-style: double; border-color: #09165e; text-align: center;\"><strong>171<\/strong><\/td>\n<\/tr>\n<tr style=\"border-style: double; border-color: #062045;\">\n<td style=\"width: 288.388px; height: 59px; border-style: double; border-color: #09165e;\"><strong>Sostenitore triennale con assistenza stradale<\/strong><\/td>\n<td style=\"width: 115.438px; height: 59px; border-style: double; border-color: #09165e; text-align: center;\"><strong>242<\/strong><\/td>\n<td style=\"width: 117.787px; height: 59px; border-style: double; border-color: #09165e; text-align: center;\"><strong>225<\/strong><\/td>\n<\/tr>\n<tr style=\"border-style: double; border-color: #062045;\">\n<td style=\"width: 288.388px; height: 59px; border-style: double; border-color: #09165e;\"><strong>Sostenitore decennale<\/strong><\/td>\n<td style=\"width: 115.438px; height: 59px; border-style: double; border-color: #09165e; text-align: center;\"><strong>496<\/strong><\/td>\n<td style=\"width: 117.787px; height: 59px; border-style: double; border-color: #09165e; text-align: center;\"><strong>479<\/strong><\/td>\n<\/tr>\n<tr style=\"border-style: double; border-color: #062045;\">\n<td style=\"width: 288.388px; height: 59px; border-style: double; border-color: #09165e;\"><strong>Auto PIU\u2019 (max 5) x ogni mezzo aggiunto<\/strong><\/td>\n<td style=\"width: 115.438px; height: 59px; border-style: double; border-color: #09165e; text-align: center;\"><strong>29<\/strong><\/td>\n<td style=\"width: 117.787px; height: 59px; border-style: double; border-color: #09165e; text-align: center;\"><strong>29<\/strong><\/td>\n<\/tr>\n<tr style=\"border-style: double; border-color: #062045;\">\n<td style=\"width: 288.388px; height: 59px; border-style: double; border-color: #09165e;\"><strong><u>Speciale nuovi (valida fino al 31.12.2024)<\/u><\/strong><\/td>\n<td style=\"width: 115.438px; height: 59px; border-style: double; border-color: #09165e; text-align: center;\"><strong>85<\/strong><\/td>\n<td style=\"width: 117.787px; height: 59px; border-style: double; border-color: #09165e; text-align: center;\"><strong>39<\/strong><\/td>\n<\/tr>\n<\/tbody>\n<\/table>\n<p><span style=\"font-size: 16px; color: #000080;\">Per richiedere a TCI l\u2019iscrizione, i soci ALATEL cliccando <span style=\"color: #ff0000;\"><a style=\"color: #ff0000;\" href=\"https:\/\/www.alatel.it\/alatel\/_sys-nohomepageterritorio\/note-operative-iscrizione-tci\/\"><strong><u>QUI <\/u><\/strong><\/a><\/span>accedono alle modalit\u00e0 operative.<br \/>\n<\/span><span style=\"font-size: 16px; color: #000080;\">Si segnala che tra le offerte c\u2019\u00e8 inclusa quella <strong>Speciale nuovi soci<\/strong> (scadenza 31.12.2024) particolarmente interessante sul piano economico; <strong>si sollecitano, quindi, i soci interessati ad utilizzare da subito questa opportunit\u00e0.<\/strong><\/span><\/p>\n","protected":false},"excerpt":{"rendered":"<p>\u00a0 ALATEL-Presidenza Nazionale ha stipulato una convenzione con la Fondazione TCI&hellip;<\/p>\n","protected":false},"author":27,"featured_media":33532,"parent":0,"menu_order":0,"comment_status":"closed","ping_status":"closed","template":"","meta":{"footnotes":""},"publishpress_future_action":{"enabled":false,"date":"1970-01-01 01:00:00","action":"","terms":[],"taxonomy":"","browser_timezone_offset":0},"_links":{"self":[{"href":"https:\/\/www.alatel.it\/alatel\/wp-json\/wp\/v2\/pages\/33528"}],"collection":[{"href":"https:\/\/www.alatel.it\/alatel\/wp-json\/wp\/v2\/pages"}],"about":[{"href":"https:\/\/www.alatel.it\/alatel\/wp-json\/wp\/v2\/types\/page"}],"author":[{"embeddable":true,"href":"https:\/\/www.alatel.it\/alatel\/wp-json\/wp\/v2\/users\/27"}],"replies":[{"embeddable":true,"href":"https:\/\/www.alatel.it\/alatel\/wp-json\/wp\/v2\/comments?post=33528"}],"version-history":[{"count":10,"href":"https:\/\/www.alatel.it\/alatel\/wp-json\/wp\/v2\/pages\/33528\/revisions"}],"predecessor-version":[{"id":33617,"href":"https:\/\/www.alatel.it\/alatel\/wp-json\/wp\/v2\/pages\/33528\/revisions\/33617"}],"wp:featuredmedia":[{"embeddable":true,"href":"https:\/\/www.alatel.it\/alatel\/wp-json\/wp\/v2\/media\/33532"}],"wp:attachment":[{"href":"https:\/\/www.alatel.it\/alatel\/wp-json\/wp\/v2\/media?parent=33528"}],"curies":[{"name":"wp","href":"https:\/\/api.w.org\/{rel}","templated":true}]}}